{"id":649,"date":"2024-12-04T21:44:23","date_gmt":"2024-12-04T20:44:23","guid":{"rendered":"https:\/\/velasartesanalesmasroses.es\/?post_type=product&#038;p=649"},"modified":"2024-12-04T21:44:23","modified_gmt":"2024-12-04T20:44:23","slug":"vela-candelabro-c-22","status":"publish","type":"product","link":"https:\/\/velasartesanalesmasroses.es\/en\/product\/vela-candelabro-c-22\/","title":{"rendered":"Candelabra Candle C-22..."},"content":{"rendered":"<div class=\"ql-block\" data-block-id=\"block-af345692-db15-434e-b502-aae76bffcca8\">Vela salom\u00f3nica corta.<\/div>\n<div class=\"ql-block\" data-block-id=\"block-d594b5f7-220e-4770-95ad-a891629c0ee5\">Height: 20 cm.<\/div>\n<div class=\"ql-block\" data-block-id=\"block-1aac8e83-2159-46e6-b9a4-fd2154fb19c3\">Base measurement: 2 centimeters.<\/div>\n<div class=\"ql-block\" data-block-id=\"block-2ec4d6d5-5b4a-480e-a4db-c2f578aeffdb\">Available in 16 colors.<\/div>\n<div data-block-id=\"block-2ec4d6d5-5b4a-480e-a4db-c2f578aeffdb\">\n<p><strong>Vela salom\u00f3nica corta de 20 cent\u00edmetros de altura y base de 2 cent\u00edmetros.<\/strong><\/p>\n<p><strong>Available in 16 colors. A perfect candle for candelabra, decorative centerpieces and candle holders. Ideal for all seasons of the year.<\/strong><\/p>\n<p><strong>Product handcrafted in Spain.<\/strong><\/p>\n<p><strong>IMPORTANT. Due to the shape of its design, and depending on the conditions of temperature, environment and air currents, this candle once lit may produce liquid wax spills. Always use a platform that can collect this wax.<\/strong><\/p>\n<\/div>","protected":false},"excerpt":{"rendered":"<div class=\"ql-block\" data-block-id=\"block-af345692-db15-434e-b502-aae76bffcca8\">Vela salom\u00f3nica corta.<\/div>\n<div class=\"ql-block\" data-block-id=\"block-d594b5f7-220e-4770-95ad-a891629c0ee5\">Height: 20 cm.<\/div>\n<div class=\"ql-block\" data-block-id=\"block-1aac8e83-2159-46e6-b9a4-fd2154fb19c3\">Base measurement: 2 centimeters.<\/div>\n<div class=\"ql-block\" data-block-id=\"block-2ec4d6d5-5b4a-480e-a4db-c2f578aeffdb\">Available in 16 colors.<\/div>\n<div data-block-id=\"block-2ec4d6d5-5b4a-480e-a4db-c2f578aeffdb\">\n<p><strong>Vela salom\u00f3nica corta de 20 cent\u00edmetros de altura y base de 2 cent\u00edmetros.<\/strong><\/p>\n<p><strong>Available in 16 colors. A perfect candle for candelabra, decorative centerpieces and candle holders. Ideal for all seasons of the year.<\/strong><\/p>\n<p><strong>Product handcrafted in Spain.<\/strong><\/p>\n<p><strong>IMPORTANT. Due to the shape of its design, and depending on the conditions of temperature, environment and air currents, this candle once lit may produce liquid wax spills. Always use a platform that can collect this wax.<\/strong><\/p>\n<\/div>","protected":false},"featured_media":650,"template":"","meta":[],"product_brand":[],"product_cat":[22,25],"product_tag":[],"class_list":{"0":"post-649","1":"product","2":"type-product","3":"status-publish","4":"has-post-thumbnail","6":"product_cat-candelabro","7":"product_cat-salomonica","9":"first","10":"instock","11":"shipping-taxable","12":"purchasable","13":"product-type-simple"},"_links":{"self":[{"href":"https:\/\/velasartesanalesmasroses.es\/en\/wp-json\/wp\/v2\/product\/649","targetHints":{"allow":["GET"]}}],"collection":[{"href":"https:\/\/velasartesanalesmasroses.es\/en\/wp-json\/wp\/v2\/product"}],"about":[{"href":"https:\/\/velasartesanalesmasroses.es\/en\/wp-json\/wp\/v2\/types\/product"}],"wp:featuredmedia":[{"embeddable":true,"href":"https:\/\/velasartesanalesmasroses.es\/en\/wp-json\/wp\/v2\/media\/650"}],"wp:attachment":[{"href":"https:\/\/velasartesanalesmasroses.es\/en\/wp-json\/wp\/v2\/media?parent=649"}],"wp:term":[{"taxonomy":"product_brand","embeddable":true,"href":"https:\/\/velasartesanalesmasroses.es\/en\/wp-json\/wp\/v2\/product_brand?post=649"},{"taxonomy":"product_cat","embeddable":true,"href":"https:\/\/velasartesanalesmasroses.es\/en\/wp-json\/wp\/v2\/product_cat?post=649"},{"taxonomy":"product_tag","embeddable":true,"href":"https:\/\/velasartesanalesmasroses.es\/en\/wp-json\/wp\/v2\/product_tag?post=649"}],"curies":[{"name":"wp","href":"https:\/\/api.w.org\/{rel}","templated":true}]}}