{"id":660,"date":"2024-12-04T21:57:19","date_gmt":"2024-12-04T20:57:19","guid":{"rendered":"https:\/\/velasartesanalesmasroses.es\/?post_type=product&#038;p=660"},"modified":"2024-12-04T21:57:19","modified_gmt":"2024-12-04T20:57:19","slug":"goteado-monocolor-2","status":"publish","type":"product","link":"https:\/\/velasartesanalesmasroses.es\/en\/product\/goteado-monocolor-2\/","title":{"rendered":"Single color dripping"},"content":{"rendered":"<div class=\"ql-block\" data-block-id=\"block-5573e2af-e37a-4d7b-8018-b7cef6b9ccfe\">Height: 10 cm, 15 cm and 20 cm.<\/div>\n<div class=\"ql-block\" data-block-id=\"block-1bbddb79-bac6-49fb-bf66-47ad5d485789\">Disponible en 13 colores.<\/div>\n<div data-block-id=\"block-1bbddb79-bac6-49fb-bf66-47ad5d485789\">\n<p>Vela cil\u00edndrica goteada monocolor para decoraci\u00f3n y centro de mesa. Fabricados en tres tama\u00f1os distintos: 10 cm., 15 cm. y 20 cm. de altura, todos ellos con una base de 7 cm. de di\u00e1metro.<\/p>\n<p>Disponible en 13 colores.<\/p>\n<p>Handcrafted in Spain.<\/p>\n<\/div>","protected":false},"excerpt":{"rendered":"<div class=\"ql-block\" data-block-id=\"block-5573e2af-e37a-4d7b-8018-b7cef6b9ccfe\">Height: 10 cm, 15 cm and 20 cm.<\/div>\n<div class=\"ql-block\" data-block-id=\"block-1bbddb79-bac6-49fb-bf66-47ad5d485789\">Disponible en 13 colores.<\/div>\n<div data-block-id=\"block-1bbddb79-bac6-49fb-bf66-47ad5d485789\">\n<p>Vela cil\u00edndrica goteada monocolor para decoraci\u00f3n y centro de mesa. Fabricados en tres tama\u00f1os distintos: 10 cm., 15 cm. y 20 cm. de altura, todos ellos con una base de 7 cm. de di\u00e1metro.<\/p>\n<p>Disponible en 13 colores.<\/p>\n<p>Handcrafted in Spain.<\/p>\n<\/div>","protected":false},"featured_media":661,"template":"","meta":[],"product_brand":[],"product_cat":[27,29],"product_tag":[],"class_list":{"0":"post-660","1":"product","2":"type-product","3":"status-publish","4":"has-post-thumbnail","6":"product_cat-centro-de-mesa","7":"product_cat-cilindrico","9":"first","10":"instock","11":"shipping-taxable","12":"purchasable","13":"product-type-simple"},"_links":{"self":[{"href":"https:\/\/velasartesanalesmasroses.es\/en\/wp-json\/wp\/v2\/product\/660","targetHints":{"allow":["GET"]}}],"collection":[{"href":"https:\/\/velasartesanalesmasroses.es\/en\/wp-json\/wp\/v2\/product"}],"about":[{"href":"https:\/\/velasartesanalesmasroses.es\/en\/wp-json\/wp\/v2\/types\/product"}],"wp:featuredmedia":[{"embeddable":true,"href":"https:\/\/velasartesanalesmasroses.es\/en\/wp-json\/wp\/v2\/media\/661"}],"wp:attachment":[{"href":"https:\/\/velasartesanalesmasroses.es\/en\/wp-json\/wp\/v2\/media?parent=660"}],"wp:term":[{"taxonomy":"product_brand","embeddable":true,"href":"https:\/\/velasartesanalesmasroses.es\/en\/wp-json\/wp\/v2\/product_brand?post=660"},{"taxonomy":"product_cat","embeddable":true,"href":"https:\/\/velasartesanalesmasroses.es\/en\/wp-json\/wp\/v2\/product_cat?post=660"},{"taxonomy":"product_tag","embeddable":true,"href":"https:\/\/velasartesanalesmasroses.es\/en\/wp-json\/wp\/v2\/product_tag?post=660"}],"curies":[{"name":"wp","href":"https:\/\/api.w.org\/{rel}","templated":true}]}}