{"id":709,"date":"2024-12-05T18:30:45","date_gmt":"2024-12-05T17:30:45","guid":{"rendered":"https:\/\/velasartesanalesmasroses.es\/?post_type=product&#038;p=709"},"modified":"2024-12-05T18:31:50","modified_gmt":"2024-12-05T17:31:50","slug":"karateca-tsuki","status":"publish","type":"product","link":"https:\/\/velasartesanalesmasroses.es\/en\/product\/karateca-tsuki\/","title":{"rendered":"Tsuki Karateca"},"content":{"rendered":"<div class=\"ql-block\" data-block-id=\"block-539c6b80-4cb3-4970-a89e-28a5d924ed1b\">Height: 15 cm.<\/div>\n<div class=\"ql-block\" data-block-id=\"block-a28b51a9-4270-4753-8144-9ad568432b26\">Possibility to customize the color. Ask us about it.<\/div>\n<div data-block-id=\"block-a28b51a9-4270-4753-8144-9ad568432b26\">\n<p>Candle 15 cm. high figure of a karate figure performing a fist technique.<\/p>\n<p>Ideal as a gift, trophy or decoration.<\/p>\n<p>Available in 2 colors. Custom color available. Please ask us.<\/p>\n<p>Handcrafted in Spain.<\/p>\n<\/div>","protected":false},"excerpt":{"rendered":"<p>Altura: 15 cm. Posibilidad de personalizar el color. Preg\u00fantanos. Vela de 15 cm. de altura de la figura de un karateca realizando una t\u00e9cnica de pu\u00f1o. Ideal para regalo, como trofeo o decoraci\u00f3n. Disponible en 2 colores. Disponibilidad de personalizar el color. Preg\u00fantanos. Fabricado de manera artesanal en Espa\u00f1a.<\/p>","protected":false},"featured_media":710,"template":"","meta":[],"product_brand":[],"product_cat":[32,35],"product_tag":[],"class_list":{"0":"post-709","1":"product","2":"type-product","3":"status-publish","4":"has-post-thumbnail","6":"product_cat-especiales","7":"product_cat-figuras","9":"first","10":"instock","11":"shipping-taxable","12":"purchasable","13":"product-type-simple"},"_links":{"self":[{"href":"https:\/\/velasartesanalesmasroses.es\/en\/wp-json\/wp\/v2\/product\/709","targetHints":{"allow":["GET"]}}],"collection":[{"href":"https:\/\/velasartesanalesmasroses.es\/en\/wp-json\/wp\/v2\/product"}],"about":[{"href":"https:\/\/velasartesanalesmasroses.es\/en\/wp-json\/wp\/v2\/types\/product"}],"wp:featuredmedia":[{"embeddable":true,"href":"https:\/\/velasartesanalesmasroses.es\/en\/wp-json\/wp\/v2\/media\/710"}],"wp:attachment":[{"href":"https:\/\/velasartesanalesmasroses.es\/en\/wp-json\/wp\/v2\/media?parent=709"}],"wp:term":[{"taxonomy":"product_brand","embeddable":true,"href":"https:\/\/velasartesanalesmasroses.es\/en\/wp-json\/wp\/v2\/product_brand?post=709"},{"taxonomy":"product_cat","embeddable":true,"href":"https:\/\/velasartesanalesmasroses.es\/en\/wp-json\/wp\/v2\/product_cat?post=709"},{"taxonomy":"product_tag","embeddable":true,"href":"https:\/\/velasartesanalesmasroses.es\/en\/wp-json\/wp\/v2\/product_tag?post=709"}],"curies":[{"name":"wp","href":"https:\/\/api.w.org\/{rel}","templated":true}]}}