{"id":738,"date":"2024-12-05T18:56:05","date_gmt":"2024-12-05T17:56:05","guid":{"rendered":"https:\/\/velasartesanalesmasroses.es\/?post_type=product&#038;p=738"},"modified":"2024-12-05T18:57:01","modified_gmt":"2024-12-05T17:57:01","slug":"vela-menora","status":"publish","type":"product","link":"https:\/\/velasartesanalesmasroses.es\/en\/product\/vela-menora\/","title":{"rendered":"Menorah Candle"},"content":{"rendered":"<p>Height: 20 cm.<\/p>\n<p>Diameter: 7 cm.<\/p>\n<p>Disponible en color azul (con detalle en blanco), blanco (con detalle en azul) y oro.<\/p>\n<p>Vela de 20 cent\u00edmetros de altura y 7 cent\u00edmetros de di\u00e1metro con el detalle de la menor\u00e1 (candelabro judio) en relieve.<\/p>","protected":false},"excerpt":{"rendered":"<p>Height: 20 cm.<\/p>\n<p>Diameter: 7 cm.<\/p>\n<p>Disponible en color azul (con detalle en blanco), blanco (con detalle en azul) y oro.<\/p>\n<p>Vela de 20 cent\u00edmetros de altura y 7 cent\u00edmetros de di\u00e1metro con el detalle de la menor\u00e1 (candelabro judio) en relieve.<\/p>","protected":false},"featured_media":739,"template":"","meta":[],"product_brand":[],"product_cat":[32,38],"product_tag":[],"class_list":{"0":"post-738","1":"product","2":"type-product","3":"status-publish","4":"has-post-thumbnail","6":"product_cat-especiales","7":"product_cat-liturgicas","9":"first","10":"instock","11":"shipping-taxable","12":"purchasable","13":"product-type-simple"},"_links":{"self":[{"href":"https:\/\/velasartesanalesmasroses.es\/en\/wp-json\/wp\/v2\/product\/738","targetHints":{"allow":["GET"]}}],"collection":[{"href":"https:\/\/velasartesanalesmasroses.es\/en\/wp-json\/wp\/v2\/product"}],"about":[{"href":"https:\/\/velasartesanalesmasroses.es\/en\/wp-json\/wp\/v2\/types\/product"}],"wp:featuredmedia":[{"embeddable":true,"href":"https:\/\/velasartesanalesmasroses.es\/en\/wp-json\/wp\/v2\/media\/739"}],"wp:attachment":[{"href":"https:\/\/velasartesanalesmasroses.es\/en\/wp-json\/wp\/v2\/media?parent=738"}],"wp:term":[{"taxonomy":"product_brand","embeddable":true,"href":"https:\/\/velasartesanalesmasroses.es\/en\/wp-json\/wp\/v2\/product_brand?post=738"},{"taxonomy":"product_cat","embeddable":true,"href":"https:\/\/velasartesanalesmasroses.es\/en\/wp-json\/wp\/v2\/product_cat?post=738"},{"taxonomy":"product_tag","embeddable":true,"href":"https:\/\/velasartesanalesmasroses.es\/en\/wp-json\/wp\/v2\/product_tag?post=738"}],"curies":[{"name":"wp","href":"https:\/\/api.w.org\/{rel}","templated":true}]}}