{"id":740,"date":"2024-12-05T18:58:11","date_gmt":"2024-12-05T17:58:11","guid":{"rendered":"https:\/\/velasartesanalesmasroses.es\/?post_type=product&#038;p=740"},"modified":"2024-12-05T18:58:37","modified_gmt":"2024-12-05T17:58:37","slug":"jesus","status":"publish","type":"product","link":"https:\/\/velasartesanalesmasroses.es\/en\/product\/jesus\/","title":{"rendered":"Jesus"},"content":{"rendered":"<div class=\"ql-block\" data-block-id=\"block-8f6cee24-3d0d-4f1f-8454-6f7b4b4de6cb\">Height: + 30 cm.<\/div>\n<div class=\"ql-block\" data-block-id=\"block-762155e7-be12-4d3a-be95-820cf204103d\">Hand carved and hand painted.<\/div>\n<div class=\"ql-block\" data-block-id=\"block-a17fb908-b564-44d2-9f06-8d56edef3525\">High craftsmanship.<\/div>\n<div class=\"ql-block\" data-block-id=\"block-9df7d5e4-4494-4b5a-9999-06b8b371b434\">Wooden stand NOT included.<br \/>\nVela cil\u00edndrica con representaci\u00f3n de Jes\u00fas. Vela de m\u00e1s 30 cm. de altura y 7 cm. de di\u00e1metro. Larga duraci\u00f3n de su encendido.Trabajo de alta artesan\u00eda. Cada una de las figuras dota de una expresi\u00f3n propia.Tallada y pintada a mano.<\/p>\n<p>Individually handcrafted and handmade.<\/p>\n<p>Wooden stand NOT included.<\/p>\n<\/div>","protected":false},"excerpt":{"rendered":"<div class=\"ql-block\" data-block-id=\"block-8f6cee24-3d0d-4f1f-8454-6f7b4b4de6cb\">Height: + 30 cm.<\/div>\n<div class=\"ql-block\" data-block-id=\"block-762155e7-be12-4d3a-be95-820cf204103d\">Hand carved and hand painted.<\/div>\n<div class=\"ql-block\" data-block-id=\"block-a17fb908-b564-44d2-9f06-8d56edef3525\">High craftsmanship.<\/div>\n<div class=\"ql-block\" data-block-id=\"block-9df7d5e4-4494-4b5a-9999-06b8b371b434\">Wooden stand NOT included.<br \/>\nVela cil\u00edndrica con representaci\u00f3n de Jes\u00fas. Vela de m\u00e1s 30 cm. de altura y 7 cm. de di\u00e1metro. Larga duraci\u00f3n de su encendido.Trabajo de alta artesan\u00eda. Cada una de las figuras dota de una expresi\u00f3n propia.Tallada y pintada a mano.<\/p>\n<p>Individually handcrafted and handmade.<\/p>\n<p>Wooden stand NOT included.<\/p>\n<\/div>","protected":false},"featured_media":741,"template":"","meta":[],"product_brand":[],"product_cat":[32,38],"product_tag":[],"class_list":{"0":"post-740","1":"product","2":"type-product","3":"status-publish","4":"has-post-thumbnail","6":"product_cat-especiales","7":"product_cat-liturgicas","9":"first","10":"instock","11":"shipping-taxable","12":"purchasable","13":"product-type-simple"},"_links":{"self":[{"href":"https:\/\/velasartesanalesmasroses.es\/en\/wp-json\/wp\/v2\/product\/740","targetHints":{"allow":["GET"]}}],"collection":[{"href":"https:\/\/velasartesanalesmasroses.es\/en\/wp-json\/wp\/v2\/product"}],"about":[{"href":"https:\/\/velasartesanalesmasroses.es\/en\/wp-json\/wp\/v2\/types\/product"}],"wp:featuredmedia":[{"embeddable":true,"href":"https:\/\/velasartesanalesmasroses.es\/en\/wp-json\/wp\/v2\/media\/741"}],"wp:attachment":[{"href":"https:\/\/velasartesanalesmasroses.es\/en\/wp-json\/wp\/v2\/media?parent=740"}],"wp:term":[{"taxonomy":"product_brand","embeddable":true,"href":"https:\/\/velasartesanalesmasroses.es\/en\/wp-json\/wp\/v2\/product_brand?post=740"},{"taxonomy":"product_cat","embeddable":true,"href":"https:\/\/velasartesanalesmasroses.es\/en\/wp-json\/wp\/v2\/product_cat?post=740"},{"taxonomy":"product_tag","embeddable":true,"href":"https:\/\/velasartesanalesmasroses.es\/en\/wp-json\/wp\/v2\/product_tag?post=740"}],"curies":[{"name":"wp","href":"https:\/\/api.w.org\/{rel}","templated":true}]}}